{"id":3622,"date":"2019-10-17T09:55:51","date_gmt":"2019-10-17T07:55:51","guid":{"rendered":"https:\/\/alzolasl.net\/?page_id=3622"},"modified":"2020-07-30T12:43:19","modified_gmt":"2020-07-30T10:43:19","slug":"electromagnets","status":"publish","type":"page","link":"https:\/\/alzolasl.net\/en\/electromagnets\/","title":{"rendered":"Electromagnets"},"content":{"rendered":"<section id=\"bt_bb_section69f54806d3f1d\"  class=\"bt_bb_section bt_bb_top_spacing_large bt_bb_bottom_spacing_large bt_bb_layout_boxed_1200 bt_bb_vertical_align_top bt_bb_section_show_right_boxed_content bt_bb_section_allow_content_outside bt_bb_section_with_top_coverage_image\" style=\"z-index: 2;\"><div class=\"bt_bb_port\"><div class=\"bt_bb_cell\"><div class=\"bt_bb_cell_inner\"><div class=\"bt_bb_row_wrapper\"><div  class=\"bt_bb_row\"  data-bt-override-class=\"{}\"><div  class=\"bt_bb_column col-md-6 col-sm-12 bt_bb_align_center bt_bb_vertical_align_top bt_bb_animation_fade_in animate bt_bb_padding_normal bt_bb_animation_fade_in animate\"  data-width=\"6\"><div class=\"bt_bb_column_content\"><div class=\"bt_bb_separator bt_bb_border_style_none bt_bb_bottom_spacing_medium bt_bb_hidden_md bt_bb_hidden_lg\" data-bt-override-class=\"null\"><\/div><div class=\"bt_bb_slider bt_bb_height_keep-height bt_bb_show_dots_bottom bt_bb_animation_fade animate bt_bb_arrows_size_normal\"><div class=\"slick-slider fade\"  data-slick='{ \"lazyLoad\": \"progressive\", \"cssEase\": \"ease-out\", \"speed\": \"300\", \"fade\": true, \"dots\": true, \"prevArrow\": \"&lt;button type=\\\"button\\\" class=\\\"slick-prev\\\"&gt;\", \"nextArrow\": \"&lt;button type=\\\"button\\\" class=\\\"slick-next\\\"&gt;\"}' ><div class=\"bt_bb_slider_item\" data-src-full=\"https:\/\/alzolasl.net\/wp-content\/uploads\/2019\/07\/electroimanes-1.png\"><img src=\"https:\/\/alzolasl.net\/wp-content\/uploads\/2019\/07\/electroimanes-1.png\" alt=\"electroimanes\"  title=\"electroimanes\"><\/div><div class=\"bt_bb_slider_item\" data-src-full=\"https:\/\/alzolasl.net\/wp-content\/uploads\/2019\/07\/electroiman-alzola.png\"><img src=\"https:\/\/alzolasl.net\/wp-content\/uploads\/2019\/07\/electroiman-alzola.png\" alt=\"electroiman-alzola\"  title=\"electroiman-alzola\"><\/div><\/div><\/div><div class=\"bt_bb_separator bt_bb_border_style_none bt_bb_bottom_spacing_medium bt_bb_hidden_md bt_bb_hidden_lg\" data-bt-override-class=\"null\"><\/div><\/div><\/div><div  class=\"bt_bb_column col-md-6 col-sm-12 bt_bb_align_left bt_bb_vertical_align_middle bt_bb_animation_fade_in zoom_out animate bt_bb_padding_normal bt_bb_animation_fade_in bt_bb_animation_zoom_out animate\"  data-width=\"6\"><div class=\"bt_bb_column_content\"><header class=\"bt_bb_headline bt_bb_dash_none bt_bb_superheadline bt_bb_superheadline_outside bt_bb_size_large bt_bb_align_inherit\" data-bt-override-class=\"{}\"><div class=\"bt_bb_headline_superheadline_outside\"><span class=\"bt_bb_headline_superheadline\">PRODUCTS<\/span><\/div><h2 class=\"bt_bb_headline_tag\"><span class=\"bt_bb_headline_content\"><span><b>Electro<\/b><u>magnets<\/u> <\/span><\/span><\/h2><\/header><div class=\"bt_bb_separator bt_bb_border_style_solid bt_bb_top_spacing_normal bt_bb_bottom_spacing_small\" style=\"; border-width: 2px\" data-bt-override-class=\"null\"><\/div><div  class=\"bt_bb_row_inner\" ><div  class=\"bt_bb_column_inner col-md-12 col-ms-12 bt_bb_align_left bt_bb_vertical_align_top\"  data-width=\"12\"><div class=\"bt_bb_column_inner_content\"><div  class=\"bt_bb_text\" ><p>We design and manufacture custom electromagnets. We have a wide range of sizes (10-10000cm\u00b3) and range of forces (5-10000kg), for any type of power supply (0-380V).<\/p>\n<p>We have the ability to adapt and customize the design, both mechanical and electrical, according to demand.<\/p>\n<\/div><div class=\"bt_bb_separator bt_bb_border_style_none bt_bb_top_spacing_large bt_bb_bottom_spacing_large bt_bb_hidden_md bt_bb_hidden_lg\" data-bt-override-class=\"null\"><\/div><\/div><\/div><\/div><div class=\"bt_bb_separator bt_bb_border_style_solid bt_bb_top_spacing_normal bt_bb_bottom_spacing_normal\" style=\"; border-width: 2px\" data-bt-override-class=\"null\"><\/div><\/div><\/div><\/div><\/div><\/div><\/div><\/div><div class=\"bt_bb_section_top_section_coverage_image\"><img src=\"https:\/\/alzolasl.net\/wp-content\/uploads\/2019\/04\/bgn-top-4.png\" alt=\"bt_bb_section_top_section_coverage_image\" \/><\/div><\/section><section id=\"bt_bb_section69f54806d5aae\"  data-background_image_src=\"'https:\/\/alzolasl.net\/wp-content\/uploads\/2019\/07\/fondo-contacto-.png'\" class=\"bt_bb_section bt_bb_top_spacing_normal bt_bb_layout_boxed_1200 bt_bb_vertical_align_top btLazyLoadBackground bt_bb_background_image bt_bb_section_allow_content_outside bt_bb_section_with_bottom_coverage_image\" style=\"background-image:url(&#039;https:\/\/alzolasl.net\/wp-content\/plugins\/bold-page-builder\/img\/blank.gif&#039;);background-position:left, bottom;background-size:cover;\"><div class=\"bt_bb_port\"><div class=\"bt_bb_cell\"><div class=\"bt_bb_cell_inner\"><div class=\"bt_bb_row_wrapper\"><div  class=\"bt_bb_row\"  data-bt-override-class=\"{}\"><div  class=\"bt_bb_column col-md-12 col-ms-12 bt_bb_align_left bt_bb_vertical_align_top bt_bb_padding_normal\"  data-width=\"12\"><div class=\"bt_bb_column_content\"><div class=\"bt_bb_separator bt_bb_border_style_none bt_bb_bottom_spacing_extra_large bt_bb_hidden_xs bt_bb_hidden_ms bt_bb_hidden_sm\" data-bt-override-class=\"null\"><\/div><\/div><\/div><\/div><\/div><div class=\"bt_bb_row_wrapper\"><div  class=\"bt_bb_row\"  data-bt-override-class=\"{}\"><div  class=\"bt_bb_column col-md-6 col-sm-12 bt_bb_align_left bt_bb_vertical_align_bottom bt_bb_animation_fade_in zoom_out animate bt_bb_padding_normal bt_bb_animation_fade_in bt_bb_animation_zoom_out animate\"  data-width=\"6\"><div class=\"bt_bb_column_content\"><header class=\"bt_bb_headline bt_bb_dash_none bt_bb_superheadline bt_bb_superheadline_outside bt_bb_subheadline bt_bb_size_large bt_bb_align_inherit\" data-bt-override-class=\"{}\"><div class=\"bt_bb_headline_superheadline_outside\"><span class=\"bt_bb_headline_superheadline\">LET'S KEEP IN TOUCH<\/span><\/div><h3 class=\"bt_bb_headline_tag\"><span class=\"bt_bb_headline_content\"><span><b>We adapt to the needs <\/b><br \/>\r\n<u>of our customers.<\/u><\/span><\/span><\/h3><div class=\"bt_bb_headline_subheadline\">We manufacture custom products<\/div><\/header><div class=\"bt_bb_separator bt_bb_border_style_none bt_bb_bottom_spacing_normal\" data-bt-override-class=\"null\"><\/div><div  class=\"bt_bb_text\" ><div class=\"wpcf7 no-js\" id=\"wpcf7-f3662-o1\" lang=\"es-ES\" dir=\"ltr\">\n<div class=\"screen-reader-response\"><p role=\"status\" aria-live=\"polite\" aria-atomic=\"true\"><\/p> <ul><\/ul><\/div>\n<form action=\"\/en\/wp-json\/wp\/v2\/pages\/3622#wpcf7-f3662-o1\" method=\"post\" class=\"wpcf7-form init\" aria-label=\"Formulario de contacto\" novalidate=\"novalidate\" data-status=\"init\">\n<div style=\"display: none;\">\n<input type=\"hidden\" name=\"_wpcf7\" value=\"3662\" \/>\n<input type=\"hidden\" name=\"_wpcf7_version\" value=\"5.7.2\" \/>\n<input type=\"hidden\" name=\"_wpcf7_locale\" value=\"es_ES\" \/>\n<input type=\"hidden\" name=\"_wpcf7_unit_tag\" value=\"wpcf7-f3662-o1\" \/>\n<input type=\"hidden\" name=\"_wpcf7_container_post\" value=\"0\" \/>\n<input type=\"hidden\" name=\"_wpcf7_posted_data_hash\" value=\"\" \/>\n<\/div>\n<p><label> Name<span class=\"rojo\">*<\/span><br \/>\n<span class=\"wpcf7-form-control-wrap\" data-name=\"Nombre\"><input size=\"40\" class=\"wpcf7-form-control wpcf7-text wpcf7-validates-as-required\" aria-required=\"true\" aria-invalid=\"false\" value=\"\" type=\"text\" name=\"Nombre\" \/><\/span> <\/label>\n<\/p>\n<p><label> Email address<span class=\"rojo\">*<\/span><br \/>\n<span class=\"wpcf7-form-control-wrap\" data-name=\"email\"><input size=\"40\" class=\"wpcf7-form-control wpcf7-text wpcf7-email wpcf7-validates-as-required wpcf7-validates-as-email\" aria-required=\"true\" aria-invalid=\"false\" value=\"\" type=\"email\" name=\"email\" \/><\/span> <\/label>\n<\/p>\n<p><label> Subject<br \/>\n<span class=\"wpcf7-form-control-wrap\" data-name=\"your-subject\"><input size=\"40\" class=\"wpcf7-form-control wpcf7-text\" aria-invalid=\"false\" value=\"\" type=\"text\" name=\"your-subject\" \/><\/span> <\/label>\n<\/p>\n<p><label> Message<br \/>\n<span class=\"wpcf7-form-control-wrap\" data-name=\"your-message\"><textarea cols=\"40\" rows=\"10\" class=\"wpcf7-form-control wpcf7-textarea\" aria-invalid=\"false\" name=\"your-message\"><\/textarea><\/span> <\/label>\n<\/p>\n<p><input class=\"wpcf7-form-control has-spinner wpcf7-submit\" type=\"submit\" value=\"Send\" \/>\n<\/p>\n<p><span class=\"wpcf7-form-control-wrap\" data-name=\"acceptance-745\"><span class=\"wpcf7-form-control wpcf7-acceptance\"><span class=\"wpcf7-list-item\"><label><input type=\"checkbox\" name=\"acceptance-745\" value=\"1\" aria-invalid=\"false\" \/><span class=\"wpcf7-list-item-label\">I have read and accept the<a href=\"https:\/\/alzolasl.net\/en\/aviso-legal\/\"> Legal Notice<\/a> and <a href=\"https:\/\/alzolasl.net\/en\/politica-de-privacidad\/\">Privacy Policy<\/a>.<\/span><\/label><\/span><\/span><\/span><br \/>\n<span class=\"wpcf7-form-control-wrap\" data-name=\"acceptance-746\"><span class=\"wpcf7-form-control wpcf7-acceptance\"><span class=\"wpcf7-list-item\"><label><input type=\"checkbox\" name=\"acceptance-746\" value=\"1\" aria-invalid=\"false\" \/><span class=\"wpcf7-list-item-label\">I authorize the sending of information.<\/span><\/label><\/span><\/span><\/span>\n<\/p>\n<p class=\"nota\"><span class=\"rojo\">*<\/span> Required fields\n<\/p><p style=\"display: none !important;\" class=\"akismet-fields-container\" data-prefix=\"_wpcf7_ak_\"><label>&#916;<textarea name=\"_wpcf7_ak_hp_textarea\" cols=\"45\" rows=\"8\" maxlength=\"100\"><\/textarea><\/label><input type=\"hidden\" id=\"ak_js_1\" name=\"_wpcf7_ak_js\" value=\"132\"\/><script>document.getElementById( \"ak_js_1\" ).setAttribute( \"value\", ( new Date() ).getTime() );<\/script><\/p><div class=\"wpcf7-response-output\" aria-hidden=\"true\"><\/div><\/form><\/div><\/div><\/div><\/div><div  class=\"bt_bb_column col-md-6 col-sm-12 bt_bb_align_left bt_bb_vertical_align_top bt_bb_padding_normal\"  data-width=\"6\"><div class=\"bt_bb_column_content\"><\/div><\/div><\/div><\/div><\/div><\/div><\/div><div class=\"bt_bb_section_bottom_section_coverage_image\"><img src=\"https:\/\/alzolasl.net\/wp-content\/uploads\/2019\/04\/bgn-newsletter-curve.png\" alt=\"bt_bb_section_bottom_section_coverage_image\" \/><\/div><\/section><section id=\"bt_bb_section69f54806d9b31\"  class=\"bt_bb_section bt_bb_layout_boxed_1200\" ><div class=\"bt_bb_port\"><div class=\"bt_bb_cell\"><div class=\"bt_bb_cell_inner\"><div class=\"bt_bb_row_wrapper\"><div  class=\"bt_bb_row\"  data-bt-override-class=\"{}\"><div  class=\"bt_bb_column col-md-12 col-ms-12 bt_bb_align_left bt_bb_vertical_align_top bt_bb_padding_normal\"  data-width=\"12\"><div class=\"bt_bb_column_content\"><\/div><\/div><\/div><\/div><\/div><\/div><\/div><\/section>","protected":false},"excerpt":{"rendered":"<p>Dise\u00f1amos y fabricamos electroimanes a medida. Contamos con una amplia gama de tama\u00f1os ( y rango de fuerza, para cualquier tipo de alimentaci\u00f3n el\u00e9ctrica.<\/p>\n","protected":false},"author":1,"featured_media":0,"parent":0,"menu_order":0,"comment_status":"closed","ping_status":"closed","template":"","meta":[],"yoast_head":"<!-- This site is optimized with the Yoast SEO plugin v19.13 - https:\/\/yoast.com\/wordpress\/plugins\/seo\/ -->\n<title>Alzola - Electromagnets<\/title>\n<meta name=\"robots\" content=\"index, follow, max-snippet:-1, max-image-preview:large, max-video-preview:-1\" \/>\n<link rel=\"canonical\" href=\"https:\/\/alzolasl.net\/en\/electromagnets\/\" \/>\n<meta property=\"og:locale\" content=\"en_US\" \/>\n<meta property=\"og:type\" content=\"article\" \/>\n<meta property=\"og:title\" content=\"Alzola - Electromagnets\" \/>\n<meta property=\"og:description\" content=\"Dise\u00f1amos y fabricamos electroimanes a medida. Contamos con una amplia gama de tama\u00f1os ( y rango de fuerza, para cualquier tipo de alimentaci\u00f3n el\u00e9ctrica.\" \/>\n<meta property=\"og:url\" content=\"https:\/\/alzolasl.net\/en\/electromagnets\/\" \/>\n<meta property=\"og:site_name\" content=\"Alzola\" \/>\n<meta property=\"article:modified_time\" content=\"2020-07-30T10:43:19+00:00\" \/>\n<meta name=\"twitter:card\" content=\"summary_large_image\" \/>\n<meta name=\"twitter:label1\" content=\"Est. reading time\" \/>\n\t<meta name=\"twitter:data1\" content=\"4 minutes\" \/>\n<script type=\"application\/ld+json\" class=\"yoast-schema-graph\">{\"@context\":\"https:\/\/schema.org\",\"@graph\":[{\"@type\":\"WebPage\",\"@id\":\"https:\/\/alzolasl.net\/en\/electromagnets\/\",\"url\":\"https:\/\/alzolasl.net\/en\/electromagnets\/\",\"name\":\"Alzola - Electromagnets\",\"isPartOf\":{\"@id\":\"https:\/\/alzolasl.net\/#website\"},\"datePublished\":\"2019-10-17T07:55:51+00:00\",\"dateModified\":\"2020-07-30T10:43:19+00:00\",\"breadcrumb\":{\"@id\":\"https:\/\/alzolasl.net\/en\/electromagnets\/#breadcrumb\"},\"inLanguage\":\"en-US\",\"potentialAction\":[{\"@type\":\"ReadAction\",\"target\":[\"https:\/\/alzolasl.net\/en\/electromagnets\/\"]}]},{\"@type\":\"BreadcrumbList\",\"@id\":\"https:\/\/alzolasl.net\/en\/electromagnets\/#breadcrumb\",\"itemListElement\":[{\"@type\":\"ListItem\",\"position\":1,\"name\":\"Home\",\"item\":\"https:\/\/alzolasl.net\/en\/\"},{\"@type\":\"ListItem\",\"position\":2,\"name\":\"Electromagnets\"}]},{\"@type\":\"WebSite\",\"@id\":\"https:\/\/alzolasl.net\/#website\",\"url\":\"https:\/\/alzolasl.net\/\",\"name\":\"Alzola\",\"description\":\"Expertos en frenos electromagn\u00e9ticos\",\"publisher\":{\"@id\":\"https:\/\/alzolasl.net\/#organization\"},\"potentialAction\":[{\"@type\":\"SearchAction\",\"target\":{\"@type\":\"EntryPoint\",\"urlTemplate\":\"https:\/\/alzolasl.net\/?s={search_term_string}\"},\"query-input\":\"required name=search_term_string\"}],\"inLanguage\":\"en-US\"},{\"@type\":\"Organization\",\"@id\":\"https:\/\/alzolasl.net\/#organization\",\"name\":\"Alzola Brakes\",\"url\":\"https:\/\/alzolasl.net\/\",\"logo\":{\"@type\":\"ImageObject\",\"inLanguage\":\"en-US\",\"@id\":\"https:\/\/alzolasl.net\/#\/schema\/logo\/image\/\",\"url\":\"https:\/\/alzolasl.net\/wp-content\/uploads\/2020\/07\/logo-alzola-sticky.png\",\"contentUrl\":\"https:\/\/alzolasl.net\/wp-content\/uploads\/2020\/07\/logo-alzola-sticky.png\",\"width\":300,\"height\":63,\"caption\":\"Alzola Brakes\"},\"image\":{\"@id\":\"https:\/\/alzolasl.net\/#\/schema\/logo\/image\/\"}}]}<\/script>\n<!-- \/ Yoast SEO plugin. -->","yoast_head_json":{"title":"Alzola - Electromagnets","robots":{"index":"index","follow":"follow","max-snippet":"max-snippet:-1","max-image-preview":"max-image-preview:large","max-video-preview":"max-video-preview:-1"},"canonical":"https:\/\/alzolasl.net\/en\/electromagnets\/","og_locale":"en_US","og_type":"article","og_title":"Alzola - Electromagnets","og_description":"Dise\u00f1amos y fabricamos electroimanes a medida. Contamos con una amplia gama de tama\u00f1os ( y rango de fuerza, para cualquier tipo de alimentaci\u00f3n el\u00e9ctrica.","og_url":"https:\/\/alzolasl.net\/en\/electromagnets\/","og_site_name":"Alzola","article_modified_time":"2020-07-30T10:43:19+00:00","twitter_card":"summary_large_image","twitter_misc":{"Est. reading time":"4 minutes"},"schema":{"@context":"https:\/\/schema.org","@graph":[{"@type":"WebPage","@id":"https:\/\/alzolasl.net\/en\/electromagnets\/","url":"https:\/\/alzolasl.net\/en\/electromagnets\/","name":"Alzola - Electromagnets","isPartOf":{"@id":"https:\/\/alzolasl.net\/#website"},"datePublished":"2019-10-17T07:55:51+00:00","dateModified":"2020-07-30T10:43:19+00:00","breadcrumb":{"@id":"https:\/\/alzolasl.net\/en\/electromagnets\/#breadcrumb"},"inLanguage":"en-US","potentialAction":[{"@type":"ReadAction","target":["https:\/\/alzolasl.net\/en\/electromagnets\/"]}]},{"@type":"BreadcrumbList","@id":"https:\/\/alzolasl.net\/en\/electromagnets\/#breadcrumb","itemListElement":[{"@type":"ListItem","position":1,"name":"Home","item":"https:\/\/alzolasl.net\/en\/"},{"@type":"ListItem","position":2,"name":"Electromagnets"}]},{"@type":"WebSite","@id":"https:\/\/alzolasl.net\/#website","url":"https:\/\/alzolasl.net\/","name":"Alzola","description":"Expertos en frenos electromagn\u00e9ticos","publisher":{"@id":"https:\/\/alzolasl.net\/#organization"},"potentialAction":[{"@type":"SearchAction","target":{"@type":"EntryPoint","urlTemplate":"https:\/\/alzolasl.net\/?s={search_term_string}"},"query-input":"required name=search_term_string"}],"inLanguage":"en-US"},{"@type":"Organization","@id":"https:\/\/alzolasl.net\/#organization","name":"Alzola Brakes","url":"https:\/\/alzolasl.net\/","logo":{"@type":"ImageObject","inLanguage":"en-US","@id":"https:\/\/alzolasl.net\/#\/schema\/logo\/image\/","url":"https:\/\/alzolasl.net\/wp-content\/uploads\/2020\/07\/logo-alzola-sticky.png","contentUrl":"https:\/\/alzolasl.net\/wp-content\/uploads\/2020\/07\/logo-alzola-sticky.png","width":300,"height":63,"caption":"Alzola Brakes"},"image":{"@id":"https:\/\/alzolasl.net\/#\/schema\/logo\/image\/"}}]}},"_links":{"self":[{"href":"https:\/\/alzolasl.net\/en\/wp-json\/wp\/v2\/pages\/3622"}],"collection":[{"href":"https:\/\/alzolasl.net\/en\/wp-json\/wp\/v2\/pages"}],"about":[{"href":"https:\/\/alzolasl.net\/en\/wp-json\/wp\/v2\/types\/page"}],"author":[{"embeddable":true,"href":"https:\/\/alzolasl.net\/en\/wp-json\/wp\/v2\/users\/1"}],"replies":[{"embeddable":true,"href":"https:\/\/alzolasl.net\/en\/wp-json\/wp\/v2\/comments?post=3622"}],"version-history":[{"count":5,"href":"https:\/\/alzolasl.net\/en\/wp-json\/wp\/v2\/pages\/3622\/revisions"}],"predecessor-version":[{"id":3668,"href":"https:\/\/alzolasl.net\/en\/wp-json\/wp\/v2\/pages\/3622\/revisions\/3668"}],"wp:attachment":[{"href":"https:\/\/alzolasl.net\/en\/wp-json\/wp\/v2\/media?parent=3622"}],"curies":[{"name":"wp","href":"https:\/\/api.w.org\/{rel}","templated":true}]}}